{"id":2,"date":"2022-12-28T21:38:06","date_gmt":"2022-12-28T21:38:06","guid":{"rendered":"http:\/\/abanico.com.br\/?page_id=2"},"modified":"2025-06-10T12:09:19","modified_gmt":"2025-06-10T12:09:19","slug":"inicio","status":"publish","type":"page","link":"https:\/\/abanico.com.br\/","title":{"rendered":"Est\u00fadio Abanico"},"content":{"rendered":"<div class=\"fusion-fullwidth fullwidth-box fusion-builder-row-1 fusion-flex-container nonhundred-percent-fullwidth hundred-percent-height non-hundred-percent-height-scrolling\" style=\"background-color: rgba(255,255,255,0);background-position: center center;background-repeat: no-repeat;border-width: 0px 0px 0px 0px;border-color:var(--awb-color3);border-style:solid;\" ><div class=\"fusion-builder-row fusion-row fusion-flex-align-items-center fusion-flex-align-content-flex-start\" style=\"max-width:1248px;margin-left: calc(-4% \/ 2 );margin-right: calc(-4% \/ 2 );\"><div class=\"fusion-layout-column fusion_builder_column fusion-builder-column-0 fusion_builder_column_1_2 1_2 fusion-flex-column fusion-flex-align-self-flex-end\"><div class=\"fusion-column-wrapper fusion-flex-justify-content-flex-start fusion-content-layout-column\" style=\"background-position:left top;background-blend-mode: overlay;background-repeat:no-repeat;-webkit-background-size:cover;-moz-background-size:cover;-o-background-size:cover;background-size:cover;padding: 0px 0px 0px 0px;\"><div ><style>.fusion-imageframe.imageframe-1{ margin-bottom : 5%;}<\/style><span class=\" fusion-imageframe imageframe-none imageframe-1 hover-type-none\"><img decoding=\"async\" width=\"654\" height=\"266\" title=\"logo-abanico\" src=\"http:\/\/abanico.com.br\/wp-content\/uploads\/2022\/12\/logo-abanico.png\" alt class=\"img-responsive wp-image-6\" srcset=\"https:\/\/abanico.com.br\/wp-content\/uploads\/2022\/12\/logo-abanico-200x81.png 200w, https:\/\/abanico.com.br\/wp-content\/uploads\/2022\/12\/logo-abanico-400x163.png 400w, https:\/\/abanico.com.br\/wp-content\/uploads\/2022\/12\/logo-abanico-600x244.png 600w, https:\/\/abanico.com.br\/wp-content\/uploads\/2022\/12\/logo-abanico.png 654w\" sizes=\"(max-width: 640px) 100vw, 600px\" \/><\/span><\/div><div class=\"fusion-text fusion-text-1\" style=\"font-size:var(--awb-typography4-font-size);line-height:var(--awb-typography4-line-height);letter-spacing:var(--awb-typography4-letter-spacing);text-transform:var(--awb-typography4-text-transform);color:#ffffff;font-family:var(--awb-typography4-font-family);font-weight:var(--awb-typography4-font-weight);font-style:var(--awb-typography4-font-style);margin-top:5%;\"><p>O Abanico \u00e9 um est\u00fadio criativo de Bras\u00edlia, fundado em 2012, com atua\u00e7\u00e3o focada em design gr\u00e1fico, editorial, ilustra\u00e7\u00e3o e comunica\u00e7\u00e3o visual. Dirigido por Pat0 Sard\u00e1 \u2014 designer, ilustradora e mestra em Comunica\u00e7\u00e3o Audiovisual pela Universidade Complutense de Madri (Espanha) \u2014, desenvolve projetos que comunicam de forma sens\u00edvel e estrat\u00e9gica temas ligados \u00e0 sustentabilidade, meio ambiente, justi\u00e7a clim\u00e1tica e participa\u00e7\u00e3o social.<\/p>\n<p>Com mais de dez anos de atua\u00e7\u00e3o, o Est\u00fadio Abanico tem trajet\u00f3ria consolidada na cria\u00e7\u00e3o de projetos de comunica\u00e7\u00e3o visual voltados a iniciativas socioambientais, culturais e de coopera\u00e7\u00e3o internacional. Foca na cria\u00e7\u00e3o de identidades visuais, publica\u00e7\u00f5es t\u00e9cnicas, relat\u00f3rios, infogr\u00e1ficos, materiais digitais e produtos interativos.<\/p>\n<p>Ao longo dessa caminhada, o est\u00fadio j\u00e1 colaborou com organiza\u00e7\u00f5es como WWF-Brasil, OTCA, Greenpeace, Instituto Ekos Brasil, UNESCO, GIZ, Embaixada da Fran\u00e7a e Embaixada da Espanha no Brasil, entre outras.<\/p>\n<p>Entre os projetos mais recentes, destacam-se <strong>Flor do Cerrado<\/strong> (WWF-Brasil); <strong>\u00c1guas Amaz\u00f4nicas<\/strong> e <strong>Rede Amaz\u00f4nica de Autoridades de \u00c1gua<\/strong> (OTCA); <strong>Guia de Esp\u00e9cies do Rio Manicor\u00e9<\/strong> e <strong>Cozinhando o Planeta<\/strong> (Greenpeace Brasil); al\u00e9m do desenvolvimento do site para o Concurso Fotogr\u00e1fico \u201c<strong>Por um mundo mais que humano<\/strong>\u201d, promovido pela OTCA em parceria com a GIZ.<\/p>\n<\/div><div ><style>.fusion-body .fusion-button.button-1{border-color:var(--awb-color1);border-radius:4px 4px 4px 4px;background:#ffffff;}.fusion-body .fusion-button.button-1 .fusion-button-text,.fusion-body .fusion-button.button-1 i,.fusion-body .fusion-button.button-1:hover .fusion-button-text,.fusion-body .fusion-button.button-1:hover i,.fusion-body .fusion-button.button-1:focus .fusion-button-text,.fusion-body .fusion-button.button-1:focus i,.fusion-body .fusion-button.button-1:active .fusion-button-text,.fusion-body .fusion-button.button-1:active i{color:var(--awb-color1);}.fusion-body .fusion-button.button-1:hover,.fusion-body .fusion-button.button-1:active,.fusion-body .fusion-button.button-1:focus{border-color:var(--awb-color1);background:#f4f4f4;}<\/style><a class=\"fusion-button button-flat fusion-button-default-size button-custom button-1 fusion-button-default-span fusion-button-default-type\" target=\"lightbox\" rel=\"iLightbox\" href=\"https:\/\/patosarda.myportfolio.com\/\"><span class=\"fusion-button-text\">Ver portfolio<\/span><\/a><\/div><\/div><style type=\"text\/css\">.fusion-body .fusion-builder-column-0{width:50% !important;margin-top : 0px;margin-bottom : 0px;}.fusion-builder-column-0 > .fusion-column-wrapper {padding-top : 0px !important;padding-right : 0px !important;margin-right : 3.84%;padding-bottom : 0px !important;padding-left : 0px !important;margin-left : 3.84%;}@media only screen and (max-width:1024px) {.fusion-body .fusion-builder-column-0{width:50% !important;}.fusion-builder-column-0 > .fusion-column-wrapper {margin-right : 3.84%;margin-left : 3.84%;}}@media only screen and (max-width:640px) {.fusion-body .fusion-builder-column-0{width:100% !important;}.fusion-builder-column-0 > .fusion-column-wrapper {margin-right : 1.92%;margin-left : 1.92%;}}<\/style><\/div><div class=\"fusion-layout-column fusion_builder_column fusion-builder-column-1 fusion_builder_column_1_2 1_2 fusion-flex-column\"><div class=\"fusion-column-wrapper fusion-flex-justify-content-flex-start fusion-content-layout-column\" style=\"background-position:left top;background-repeat:no-repeat;-webkit-background-size:cover;-moz-background-size:cover;-o-background-size:cover;background-size:cover;padding: 0px 0px 0px 0px;\"><\/div><style type=\"text\/css\">.fusion-body .fusion-builder-column-1{width:50% !important;margin-top : 0px;margin-bottom : 20px;}.fusion-builder-column-1 > .fusion-column-wrapper {padding-top : 0px !important;padding-right : 0px !important;margin-right : 3.84%;padding-bottom : 0px !important;padding-left : 0px !important;margin-left : 3.84%;}@media only screen and (max-width:1024px) {.fusion-body .fusion-builder-column-1{width:50% !important;order : 0;}.fusion-builder-column-1 > .fusion-column-wrapper {margin-right : 3.84%;margin-left : 3.84%;}}@media only screen and (max-width:640px) {.fusion-body .fusion-builder-column-1{width:100% !important;order : 0;}.fusion-builder-column-1 > .fusion-column-wrapper {margin-right : 1.92%;margin-left : 1.92%;}}<\/style><\/div><\/div><style type=\"text\/css\">.fusion-body .fusion-flex-container.fusion-builder-row-1{ padding-top : 0px;margin-top : 5%;padding-right : 0px;padding-bottom : 0px;margin-bottom : 0px;padding-left : 0px;}<\/style><\/div>\n","protected":false},"excerpt":{"rendered":"","protected":false},"author":1,"featured_media":13,"parent":0,"menu_order":0,"comment_status":"closed","ping_status":"open","template":"100-width.php","meta":{"footnotes":""},"class_list":["post-2","page","type-page","status-publish","has-post-thumbnail","hentry"],"acf":[],"_links":{"self":[{"href":"https:\/\/abanico.com.br\/index.php\/wp-json\/wp\/v2\/pages\/2","targetHints":{"allow":["GET"]}}],"collection":[{"href":"https:\/\/abanico.com.br\/index.php\/wp-json\/wp\/v2\/pages"}],"about":[{"href":"https:\/\/abanico.com.br\/index.php\/wp-json\/wp\/v2\/types\/page"}],"author":[{"embeddable":true,"href":"https:\/\/abanico.com.br\/index.php\/wp-json\/wp\/v2\/users\/1"}],"replies":[{"embeddable":true,"href":"https:\/\/abanico.com.br\/index.php\/wp-json\/wp\/v2\/comments?post=2"}],"version-history":[{"count":37,"href":"https:\/\/abanico.com.br\/index.php\/wp-json\/wp\/v2\/pages\/2\/revisions"}],"predecessor-version":[{"id":79,"href":"https:\/\/abanico.com.br\/index.php\/wp-json\/wp\/v2\/pages\/2\/revisions\/79"}],"wp:featuredmedia":[{"embeddable":true,"href":"https:\/\/abanico.com.br\/index.php\/wp-json\/wp\/v2\/media\/13"}],"wp:attachment":[{"href":"https:\/\/abanico.com.br\/index.php\/wp-json\/wp\/v2\/media?parent=2"}],"curies":[{"name":"wp","href":"https:\/\/api.w.org\/{rel}","templated":true}]}}